{"id":9,"date":"2014-05-16T08:52:23","date_gmt":"2014-05-16T06:52:23","guid":{"rendered":"http:\/\/xn--barfupfad-moers-repelen-k4b.de.\/wordpress\/?page_id=9"},"modified":"2014-05-28T10:11:43","modified_gmt":"2014-05-28T08:11:43","slug":"der-pfad","status":"publish","type":"page","link":"https:\/\/barfusspfad-moers-repelen.de\/?page_id=9","title":{"rendered":"Der Pfad"},"content":{"rendered":"<p><strong><span class=\"xr_tl xr_s1\" style=\"top: -14px;\">DER PFAD<\/span> <span class=\"xr_tl xr_s3\" style=\"top: 18px;\">\u00a0<\/span><\/strong><\/p>\n<p><span class=\"xr_tl xr_s3\" style=\"top: 18px;\">\u201eBarfu\u00df durch die Natur\u201c \u2013 die Naturelemente mit allen Sinnen genie\u00dfen, das <\/span> <span class=\"xr_tl xr_s3\" style=\"top: 37px;\">hat vor \u00fcber 100 Jahren schon der \u201eLehmpastor\u201c Emanuel Felke praktiziert und <\/span> <span class=\"xr_tl xr_s3\" style=\"top: 55px;\">seinen Kurg\u00e4sten empfohlen. Am Eingang k\u00f6nnen Sie Ihre Schuhe einschlie\u00dfen <\/span> <span class=\"xr_tl xr_s3\" style=\"top: 74px;\">und sich auf den Weg machen. <\/span><\/p>\n<p><span class=\"xr_tl xr_s3\" style=\"top: 111px;\">Wandeln Sie durch den ehemaligen M\u00e4nner- und Frauenpark, vorbei an den <\/span> <span class=\"xr_tl xr_s3\" style=\"top: 130px;\">Standorten der ehemaligen Licht-Luft-H\u00fctten und folgen Sie den Spuren des <\/span> <span class=\"xr_tl xr_s3\" style=\"top: 148px;\">\u201eLehmpastors\u201c \u00fcber Mulch, Sand und Kiesel. Wie eine Reflexzonenmassage <\/span> <span class=\"xr_tl xr_s3\" style=\"top: 167px;\">stimulieren die Bodenbel\u00e4ge den ganzen Organismus. Durchblutung, Herz und <\/span> <span class=\"xr_tl xr_s3\" style=\"top: 186px;\">Kreislauf werden angeregt und st\u00e4rken somit das Abwehrsystem. <\/span><\/p>\n<p><span class=\"xr_tl xr_s3\" style=\"top: 223px;\">G\u00f6nnen Sie Ihren F\u00fc\u00dfen eine Ruhepause, indem Sie \u00fcber Wiesen und <\/span> <span class=\"xr_tl xr_s3\" style=\"top: 242px;\">Rasenfl\u00e4chen entlang der schattenspendenden alten Kastanien in Richtung <\/span> <span class=\"xr_tl xr_s3\" style=\"top: 260px;\">Intensivbereich gehen.<\/span><\/p>\n<p><a title=\"Park\u00fcbersicht\" href=\"\/wp-content\/themes\/plain_alt-wp\/uploads\/Parkuebersicht.pdf\" target=\"_blank\">Zur Park\u00fcbersicht<\/a><\/p>\n","protected":false},"excerpt":{"rendered":"<p>DER PFAD \u00a0 \u201eBarfu\u00df durch die Natur\u201c \u2013 die Naturelemente mit allen Sinnen genie\u00dfen, das hat vor \u00fcber 100 Jahren schon der \u201eLehmpastor\u201c Emanuel Felke praktiziert und seinen Kurg\u00e4sten empfohlen. Am Eingang k\u00f6nnen Sie Ihre Schuhe einschlie\u00dfen und sich auf den Weg machen. Wandeln Sie durch den ehemaligen M\u00e4nner- und Frauenpark, vorbei an den Standorten &#8230; <a class=\"moretag\" href=\"https:\/\/barfusspfad-moers-repelen.de\/?page_id=9\">more<\/a><\/p>\n","protected":false},"author":3,"featured_media":0,"parent":0,"menu_order":2,"comment_status":"closed","ping_status":"closed","template":"","meta":{"ngg_post_thumbnail":0},"_links":{"self":[{"href":"https:\/\/barfusspfad-moers-repelen.de\/index.php?rest_route=\/wp\/v2\/pages\/9"}],"collection":[{"href":"https:\/\/barfusspfad-moers-repelen.de\/index.php?rest_route=\/wp\/v2\/pages"}],"about":[{"href":"https:\/\/barfusspfad-moers-repelen.de\/index.php?rest_route=\/wp\/v2\/types\/page"}],"author":[{"embeddable":true,"href":"https:\/\/barfusspfad-moers-repelen.de\/index.php?rest_route=\/wp\/v2\/users\/3"}],"replies":[{"embeddable":true,"href":"https:\/\/barfusspfad-moers-repelen.de\/index.php?rest_route=%2Fwp%2Fv2%2Fcomments&post=9"}],"version-history":[{"count":6,"href":"https:\/\/barfusspfad-moers-repelen.de\/index.php?rest_route=\/wp\/v2\/pages\/9\/revisions"}],"predecessor-version":[{"id":1421,"href":"https:\/\/barfusspfad-moers-repelen.de\/index.php?rest_route=\/wp\/v2\/pages\/9\/revisions\/1421"}],"wp:attachment":[{"href":"https:\/\/barfusspfad-moers-repelen.de\/index.php?rest_route=%2Fwp%2Fv2%2Fmedia&parent=9"}],"curies":[{"name":"wp","href":"https:\/\/api.w.org\/{rel}","templated":true}]}}