{"id":7,"date":"2014-05-16T08:52:03","date_gmt":"2014-05-16T06:52:03","guid":{"rendered":"http:\/\/xn--barfupfad-moers-repelen-k4b.de.\/wordpress\/?page_id=7"},"modified":"2026-01-19T14:26:35","modified_gmt":"2026-01-19T12:26:35","slug":"home","status":"publish","type":"page","link":"https:\/\/barfusspfad-moers-repelen.de\/","title":{"rendered":"Home"},"content":{"rendered":"<h1>&nbsp;<\/h1>\n<h1><span style=\"color: #ff0000;\"><span style=\"color: #00ff00;\">Offizielle Barfu\u00dfpfader\u00f6ffnung ist am 01.05.2026, bei gutem Wetter im April wird eher ge\u00f6ffnet.<\/span>&nbsp;<\/span><\/h1>\n<h2>&nbsp;<\/h2>\n<blockquote>\n<h2><strong>HERZLICH WILLKOMMEN<\/strong><\/h2>\n<\/blockquote>\n<p>Das au\u00dfergew\u00f6hnliche Erlebnis im Repelener Jungbornpark.<br \/>\nBarfu\u00df auf den Spuren des \u201eLehmpastors\u201c \u00fcber Mulch, Sand und Kiesel. Der im Mai 2010 er\u00f6ffnete Barfu\u00dfpfad bietet Ihnen dazu die M\u00f6glichkeit, an der frischen Luft ihre F\u00fc\u00dfe einmal wieder ganz anders zu sp\u00fcren.<\/p>\n<p>Geh-F\u00fchl: gehe und f\u00fchle, so k\u00f6nnte die Aufforderung lauten, ein Gef\u00fchl der besonderen Art zu erleben.<\/p>\n<p>Auf den folgenden Seiten erfahren Sie alles Wissenswerte und Hilfreiche f\u00fcr einen Besuch des Barfu\u00dfpfades im Jungbornpark.<br \/>\nLaufen sie los.<\/p>\n<p><strong>ANMELDUNG F\u00dcR GRUPPEN + F\u00dcHRUNGEN<\/strong><br \/>\nFrau Wittfeld, Telefon 0 28 41 \/&nbsp;9166190<br \/>\noder Wellings Romantik Hotel zur Linde, Telefon 0 28 41 \/ 97 60<\/p>\n<p><strong>Hunde<\/strong> sind auf dem Barfu\u00dfpfad <strong>nicht<\/strong> erlaubt<br \/>\nund m\u00fcssen deshalb drau\u00dfen bleiben.<\/p>\n<p><strong>EINTRITT&nbsp;GRUPPEN<\/strong><br \/>\nErwachsene: 4,00 \u20ac pro Person<br \/>\nSchulklassen\/Kindergartengruppen: 2,00 \u20ac pro Kind (eine Begleitperson kostenlos)<\/p>\n<p><strong>EINTRITT&nbsp;EINZELPERSONEN<\/strong><br \/>\n4,00 \u20ac pro Erwachsener (Jede erwachsene Person kann ein Kind unter 6 Jahren kostenlos mit sich durchs Drehkreuz nehmen!)<\/p>\n<p align=\"center\"><strong><span style=\"text-decoration: underline;\"><span style=\"color: red; text-decoration: underline;\">Bitte passend Geld mitbringen , keine Wechselm\u00f6glichkeit, es werden 1\u20ac, 2\u20ac und 0,50\u20ac angenommen.<\/span><\/span><\/strong><\/p>\n","protected":false},"excerpt":{"rendered":"<p>&nbsp; Offizielle Barfu\u00dfpfader\u00f6ffnung ist am 01.05.2026, bei gutem Wetter im April wird eher ge\u00f6ffnet.&nbsp; &nbsp; HERZLICH WILLKOMMEN Das au\u00dfergew\u00f6hnliche Erlebnis im Repelener Jungbornpark. Barfu\u00df auf den Spuren des \u201eLehmpastors\u201c \u00fcber Mulch, Sand und Kiesel. Der im Mai 2010 er\u00f6ffnete Barfu\u00dfpfad bietet Ihnen dazu die M\u00f6glichkeit, an der frischen Luft ihre F\u00fc\u00dfe einmal wieder ganz anders &#8230; <a class=\"moretag\" href=\"https:\/\/barfusspfad-moers-repelen.de\/\">more<\/a><\/p>\n","protected":false},"author":3,"featured_media":0,"parent":0,"menu_order":1,"comment_status":"closed","ping_status":"closed","template":"","meta":{"ngg_post_thumbnail":0},"_links":{"self":[{"href":"https:\/\/barfusspfad-moers-repelen.de\/index.php?rest_route=\/wp\/v2\/pages\/7"}],"collection":[{"href":"https:\/\/barfusspfad-moers-repelen.de\/index.php?rest_route=\/wp\/v2\/pages"}],"about":[{"href":"https:\/\/barfusspfad-moers-repelen.de\/index.php?rest_route=\/wp\/v2\/types\/page"}],"author":[{"embeddable":true,"href":"https:\/\/barfusspfad-moers-repelen.de\/index.php?rest_route=\/wp\/v2\/users\/3"}],"replies":[{"embeddable":true,"href":"https:\/\/barfusspfad-moers-repelen.de\/index.php?rest_route=%2Fwp%2Fv2%2Fcomments&post=7"}],"version-history":[{"count":53,"href":"https:\/\/barfusspfad-moers-repelen.de\/index.php?rest_route=\/wp\/v2\/pages\/7\/revisions"}],"predecessor-version":[{"id":1557,"href":"https:\/\/barfusspfad-moers-repelen.de\/index.php?rest_route=\/wp\/v2\/pages\/7\/revisions\/1557"}],"wp:attachment":[{"href":"https:\/\/barfusspfad-moers-repelen.de\/index.php?rest_route=%2Fwp%2Fv2%2Fmedia&parent=7"}],"curies":[{"name":"wp","href":"https:\/\/api.w.org\/{rel}","templated":true}]}}