{"id":50,"date":"2014-05-16T15:05:23","date_gmt":"2014-05-16T13:05:23","guid":{"rendered":"http:\/\/xn--barfupfad-moers-repelen-k4b.de.\/wordpress\/?page_id=50"},"modified":"2014-05-28T10:27:29","modified_gmt":"2014-05-28T08:27:29","slug":"bildarchiv","status":"publish","type":"page","link":"https:\/\/barfusspfad-moers-repelen.de\/?page_id=50","title":{"rendered":"Bildarchiv"},"content":{"rendered":"<p><strong>BILDARCHIV<\/strong><\/p>\n<p>Hier erhalten Sie eine Eindruck von unserem Barfu\u00dfpfad.<\/p>\n<p>\n<div class=\"ngg-albumoverview\">\t\n\t<!-- List of galleries -->\n\t\n\t<div class=\"ngg-album\">\n\t\t<div class=\"ngg-albumtitle\"><a href=\"https:\/\/barfusspfad-moers-repelen.de\/?page_id=276\">Barfu\u00dfpfad<\/a><\/div>\n\t\t\t<div class=\"ngg-albumcontent\">\n\t\t\t\t<div class=\"ngg-thumbnail\">\n\t\t\t\t\t<a href=\"https:\/\/barfusspfad-moers-repelen.de\/?page_id=276\"><img class=\"Thumb\" alt=\"Barfu\u00dfpfad\" src=\"https:\/\/barfusspfad-moers-repelen.de\/wp-content\/gallery\/pfad\/cache\/1-nggid03190-ngg0dyn-91x68-00f0w010c011r110f110r010t010.jpg\"\/><\/a>\n\t\t\t\t<\/div>\n\t\t\t\t<div class=\"ngg-description\">\n\t\t\t\t<p>Erhalten Sie einen Einblick in den Pfad<\/p>\n\t\t\t\t\t\t\t\t<p class=\"ngg-album-gallery-image-counter\"><strong>25<\/strong>&nbsp;Fotos<\/p>\n\t\t\t\t\t\t\t<\/div>\n\t\t<\/div>\n\t<\/div>\n\n \t\n\t<div class=\"ngg-album\">\n\t\t<div class=\"ngg-albumtitle\"><a href=\"https:\/\/barfusspfad-moers-repelen.de\/?page_id=278\">Kunst am Wasser<\/a><\/div>\n\t\t\t<div class=\"ngg-albumcontent\">\n\t\t\t\t<div class=\"ngg-thumbnail\">\n\t\t\t\t\t<a href=\"https:\/\/barfusspfad-moers-repelen.de\/?page_id=278\"><img class=\"Thumb\" alt=\"Kunst am Wasser\" src=\"https:\/\/barfusspfad-moers-repelen.de\/wp-content\/gallery\/neuer-weg\/cache\/9-nggid0270-ngg0dyn-91x68-00f0w010c011r110f110r010t010.jpg\"\/><\/a>\n\t\t\t\t<\/div>\n\t\t\t\t<div class=\"ngg-description\">\n\t\t\t\t<p>Kunstwerke entlang des Pfades<\/p>\n\t\t\t\t\t\t\t\t<p class=\"ngg-album-gallery-image-counter\"><strong>12<\/strong>&nbsp;Fotos<\/p>\n\t\t\t\t\t\t\t<\/div>\n\t\t<\/div>\n\t<\/div>\n\n \t\n\t<div class=\"ngg-album\">\n\t\t<div class=\"ngg-albumtitle\"><a href=\"https:\/\/barfusspfad-moers-repelen.de\/?page_id=279\">Er\u00f6ffnung 2010<\/a><\/div>\n\t\t\t<div class=\"ngg-albumcontent\">\n\t\t\t\t<div class=\"ngg-thumbnail\">\n\t\t\t\t\t<a href=\"https:\/\/barfusspfad-moers-repelen.de\/?page_id=279\"><img class=\"Thumb\" alt=\"Er\u00f6ffnung 2010\" src=\"https:\/\/barfusspfad-moers-repelen.de\/wp-content\/gallery\/eroeffnung-2010\/cache\/1-nggid03203-ngg0dyn-91x68-00f0w010c011r110f110r010t010.jpg\"\/><\/a>\n\t\t\t\t<\/div>\n\t\t\t\t<div class=\"ngg-description\">\n\t\t\t\t<p>Die gro\u00dfe Er\u00f6ffnung 2010<\/p>\n\t\t\t\t\t\t\t\t<p class=\"ngg-album-gallery-image-counter\"><strong>326<\/strong>&nbsp;Fotos<\/p>\n\t\t\t\t\t\t\t<\/div>\n\t\t<\/div>\n\t<\/div>\n\n \t \t\n\t<!-- Pagination -->\n \t<div class='ngg-clear'><\/div> \t\n<\/div>\n\n<\/p>\n","protected":false},"excerpt":{"rendered":"<p>BILDARCHIV Hier erhalten Sie eine Eindruck von unserem Barfu\u00dfpfad. Barfu\u00dfpfad Erhalten Sie einen Einblick in den Pfad 25&nbsp;Fotos Kunst am Wasser Kunstwerke entlang des Pfades 12&nbsp;Fotos Er\u00f6ffnung 2010 Die gro\u00dfe Er\u00f6ffnung 2010 326&nbsp;Fotos<\/p>\n","protected":false},"author":3,"featured_media":0,"parent":13,"menu_order":0,"comment_status":"closed","ping_status":"closed","template":"","meta":{"ngg_post_thumbnail":0},"_links":{"self":[{"href":"https:\/\/barfusspfad-moers-repelen.de\/index.php?rest_route=\/wp\/v2\/pages\/50"}],"collection":[{"href":"https:\/\/barfusspfad-moers-repelen.de\/index.php?rest_route=\/wp\/v2\/pages"}],"about":[{"href":"https:\/\/barfusspfad-moers-repelen.de\/index.php?rest_route=\/wp\/v2\/types\/page"}],"author":[{"embeddable":true,"href":"https:\/\/barfusspfad-moers-repelen.de\/index.php?rest_route=\/wp\/v2\/users\/3"}],"replies":[{"embeddable":true,"href":"https:\/\/barfusspfad-moers-repelen.de\/index.php?rest_route=%2Fwp%2Fv2%2Fcomments&post=50"}],"version-history":[{"count":20,"href":"https:\/\/barfusspfad-moers-repelen.de\/index.php?rest_route=\/wp\/v2\/pages\/50\/revisions"}],"predecessor-version":[{"id":1446,"href":"https:\/\/barfusspfad-moers-repelen.de\/index.php?rest_route=\/wp\/v2\/pages\/50\/revisions\/1446"}],"up":[{"embeddable":true,"href":"https:\/\/barfusspfad-moers-repelen.de\/index.php?rest_route=\/wp\/v2\/pages\/13"}],"wp:attachment":[{"href":"https:\/\/barfusspfad-moers-repelen.de\/index.php?rest_route=%2Fwp%2Fv2%2Fmedia&parent=50"}],"curies":[{"name":"wp","href":"https:\/\/api.w.org\/{rel}","templated":true}]}}