{"id":15,"date":"2014-05-16T08:53:12","date_gmt":"2014-05-16T06:53:12","guid":{"rendered":"http:\/\/xn--barfupfad-moers-repelen-k4b.de.\/wordpress\/?page_id=15"},"modified":"2023-01-30T10:37:11","modified_gmt":"2023-01-30T08:37:11","slug":"kontakt-impressum","status":"publish","type":"page","link":"https:\/\/barfusspfad-moers-repelen.de\/?page_id=15","title":{"rendered":"Kontakt &#038; Impressum"},"content":{"rendered":"<p><strong>KONTAKT<\/strong><br \/>\nFelkeverein Moers-Repelen e.V.<br \/>\nNiephauser Str. 205, 47445 Moers<br \/>\nTel.\/Fax: 02841 &#8211; 9166190<br \/>\nMobil: 0163 &#8211; 5230144<br \/>\nE-Mail: christa.wittfeld@gmx.de<br \/>\nInternet: www.felkeverein.de<\/p>\n<p><strong>BETRIEB &amp; VERANTWORTUNG:<\/strong><br \/>\nRepelen Aktiv e.V.<br \/>\nGr\u00fcng\u00fcrtel 3<br \/>\n47445 Moers<br \/>\nTel: 01608426973<br \/>\ntraute.olyschlaeger@web.de<br \/>\nwww.repelenaktiv.de<\/p>\n<p><strong>IMPRESSUM<\/strong><br \/>\nAls Betreiber einer Internetpr\u00e4senz sind wir dazu verpflichtet, Ihnen die folgenden Informationen bez\u00fcglich der Verantwortlichkeiten zur Verf\u00fcgung zu stellen: Anbieter nach \u00a7 6 Abs. 1 Mediendienste-StV:<\/p>\n<p>Layout: Agentur Berns, Moers<\/p>\n<p>Technische Umsetzung: Agentur Berns, Moers<br \/>\n<a href=\"http:\/\/www.agenturberns.de\">www.agenturberns.de<\/a><\/p>\n","protected":false},"excerpt":{"rendered":"<p>KONTAKT Felkeverein Moers-Repelen e.V. Niephauser Str. 205, 47445 Moers Tel.\/Fax: 02841 &#8211; 9166190 Mobil: 0163 &#8211; 5230144 E-Mail: christa.wittfeld@gmx.de Internet: www.felkeverein.de BETRIEB &amp; VERANTWORTUNG: Repelen Aktiv e.V. Gr\u00fcng\u00fcrtel 3 47445 Moers Tel: 01608426973 traute.olyschlaeger@web.de www.repelenaktiv.de IMPRESSUM Als Betreiber einer Internetpr\u00e4senz sind wir dazu verpflichtet, Ihnen die folgenden Informationen bez\u00fcglich der Verantwortlichkeiten zur Verf\u00fcgung zu stellen: &#8230; <a class=\"moretag\" href=\"https:\/\/barfusspfad-moers-repelen.de\/?page_id=15\">more<\/a><\/p>\n","protected":false},"author":3,"featured_media":0,"parent":0,"menu_order":5,"comment_status":"closed","ping_status":"closed","template":"","meta":{"ngg_post_thumbnail":0},"_links":{"self":[{"href":"https:\/\/barfusspfad-moers-repelen.de\/index.php?rest_route=\/wp\/v2\/pages\/15"}],"collection":[{"href":"https:\/\/barfusspfad-moers-repelen.de\/index.php?rest_route=\/wp\/v2\/pages"}],"about":[{"href":"https:\/\/barfusspfad-moers-repelen.de\/index.php?rest_route=\/wp\/v2\/types\/page"}],"author":[{"embeddable":true,"href":"https:\/\/barfusspfad-moers-repelen.de\/index.php?rest_route=\/wp\/v2\/users\/3"}],"replies":[{"embeddable":true,"href":"https:\/\/barfusspfad-moers-repelen.de\/index.php?rest_route=%2Fwp%2Fv2%2Fcomments&post=15"}],"version-history":[{"count":12,"href":"https:\/\/barfusspfad-moers-repelen.de\/index.php?rest_route=\/wp\/v2\/pages\/15\/revisions"}],"predecessor-version":[{"id":1538,"href":"https:\/\/barfusspfad-moers-repelen.de\/index.php?rest_route=\/wp\/v2\/pages\/15\/revisions\/1538"}],"wp:attachment":[{"href":"https:\/\/barfusspfad-moers-repelen.de\/index.php?rest_route=%2Fwp%2Fv2%2Fmedia&parent=15"}],"curies":[{"name":"wp","href":"https:\/\/api.w.org\/{rel}","templated":true}]}}