{"id":139,"date":"2014-05-19T11:30:39","date_gmt":"2014-05-19T09:30:39","guid":{"rendered":"http:\/\/xn--barfupfad-moers-repelen-k4b.de.\/wordpress\/?page_id=139"},"modified":"2014-05-28T10:25:14","modified_gmt":"2014-05-28T08:25:14","slug":"felke-museum","status":"publish","type":"page","link":"https:\/\/barfusspfad-moers-repelen.de\/?page_id=139","title":{"rendered":"Felkemuseum"},"content":{"rendered":"<p><strong>FELKEMUSEUM<\/strong><\/p>\n<p>Das Felkemuseum ist ein historischer Nachbau einer sogenannten Licht-Luft-H\u00fctte. Die ersten Kurg\u00e4ste \u00fcbernachteten im Jungbornpark in einer Licht-Luft-H\u00fctte und schliefen auf Stroh. Eingerichtet ist das Museum mit Bild- und Schrifttafeln, Vitrinen mit Exponaten aus der Zeit des Kurortes Repelen. Ein Kr\u00e4utergarten erinnert an die Heilweise des &#8222;Lehmpastors&#8220; Emanuel Felke.<\/p>\n<p><a title=\"Kultur im Park\" href=\"?page_id=39\">Zur\u00fcck<br \/>\n<\/a><a title=\"Park\u00fcbersicht\" href=\"\/wp-content\/themes\/plain_alt-wp\/uploads\/Parkuebersicht.pdf\" target=\"_blank\">Zur Park\u00fcbersicht<\/a><\/p>\n","protected":false},"excerpt":{"rendered":"<p>FELKEMUSEUM Das Felkemuseum ist ein historischer Nachbau einer sogenannten Licht-Luft-H\u00fctte. Die ersten Kurg\u00e4ste \u00fcbernachteten im Jungbornpark in einer Licht-Luft-H\u00fctte und schliefen auf Stroh. Eingerichtet ist das Museum mit Bild- und Schrifttafeln, Vitrinen mit Exponaten aus der Zeit des Kurortes Repelen. Ein Kr\u00e4utergarten erinnert an die Heilweise des &#8222;Lehmpastors&#8220; Emanuel Felke. Zur\u00fcck Zur Park\u00fcbersicht<\/p>\n","protected":false},"author":3,"featured_media":0,"parent":39,"menu_order":0,"comment_status":"closed","ping_status":"closed","template":"","meta":{"ngg_post_thumbnail":0},"_links":{"self":[{"href":"https:\/\/barfusspfad-moers-repelen.de\/index.php?rest_route=\/wp\/v2\/pages\/139"}],"collection":[{"href":"https:\/\/barfusspfad-moers-repelen.de\/index.php?rest_route=\/wp\/v2\/pages"}],"about":[{"href":"https:\/\/barfusspfad-moers-repelen.de\/index.php?rest_route=\/wp\/v2\/types\/page"}],"author":[{"embeddable":true,"href":"https:\/\/barfusspfad-moers-repelen.de\/index.php?rest_route=\/wp\/v2\/users\/3"}],"replies":[{"embeddable":true,"href":"https:\/\/barfusspfad-moers-repelen.de\/index.php?rest_route=%2Fwp%2Fv2%2Fcomments&post=139"}],"version-history":[{"count":10,"href":"https:\/\/barfusspfad-moers-repelen.de\/index.php?rest_route=\/wp\/v2\/pages\/139\/revisions"}],"predecessor-version":[{"id":1445,"href":"https:\/\/barfusspfad-moers-repelen.de\/index.php?rest_route=\/wp\/v2\/pages\/139\/revisions\/1445"}],"up":[{"embeddable":true,"href":"https:\/\/barfusspfad-moers-repelen.de\/index.php?rest_route=\/wp\/v2\/pages\/39"}],"wp:attachment":[{"href":"https:\/\/barfusspfad-moers-repelen.de\/index.php?rest_route=%2Fwp%2Fv2%2Fmedia&parent=139"}],"curies":[{"name":"wp","href":"https:\/\/api.w.org\/{rel}","templated":true}]}}