{"id":13,"date":"2014-05-16T08:52:56","date_gmt":"2014-05-16T06:52:56","guid":{"rendered":"http:\/\/xn--barfupfad-moers-repelen-k4b.de.\/wordpress\/?page_id=13"},"modified":"2014-05-19T12:10:16","modified_gmt":"2014-05-19T10:10:16","slug":"archiv","status":"publish","type":"page","link":"https:\/\/barfusspfad-moers-repelen.de\/?page_id=13","title":{"rendered":"Archiv"},"content":{"rendered":"<p><strong>ARCHIV<\/strong><\/p>\n<p><span class=\"xr_tl xr_s3\" style=\"top: 18px;\">Verfolgen sie die vielf\u00e4ltigen Aktivit\u00e4ten rund um den Barfu\u00dfpfad <\/span><br \/>\n<span class=\"xr_tl xr_s3\" style=\"top: 34px;\">in den vergangenen Monaten und Jahren <\/span><\/p>\n","protected":false},"excerpt":{"rendered":"<p>ARCHIV Verfolgen sie die vielf\u00e4ltigen Aktivit\u00e4ten rund um den Barfu\u00dfpfad in den vergangenen Monaten und Jahren<\/p>\n","protected":false},"author":3,"featured_media":0,"parent":0,"menu_order":4,"comment_status":"closed","ping_status":"closed","template":"","meta":{"ngg_post_thumbnail":0},"_links":{"self":[{"href":"https:\/\/barfusspfad-moers-repelen.de\/index.php?rest_route=\/wp\/v2\/pages\/13"}],"collection":[{"href":"https:\/\/barfusspfad-moers-repelen.de\/index.php?rest_route=\/wp\/v2\/pages"}],"about":[{"href":"https:\/\/barfusspfad-moers-repelen.de\/index.php?rest_route=\/wp\/v2\/types\/page"}],"author":[{"embeddable":true,"href":"https:\/\/barfusspfad-moers-repelen.de\/index.php?rest_route=\/wp\/v2\/users\/3"}],"replies":[{"embeddable":true,"href":"https:\/\/barfusspfad-moers-repelen.de\/index.php?rest_route=%2Fwp%2Fv2%2Fcomments&post=13"}],"version-history":[{"count":2,"href":"https:\/\/barfusspfad-moers-repelen.de\/index.php?rest_route=\/wp\/v2\/pages\/13\/revisions"}],"predecessor-version":[{"id":30,"href":"https:\/\/barfusspfad-moers-repelen.de\/index.php?rest_route=\/wp\/v2\/pages\/13\/revisions\/30"}],"wp:attachment":[{"href":"https:\/\/barfusspfad-moers-repelen.de\/index.php?rest_route=%2Fwp%2Fv2%2Fmedia&parent=13"}],"curies":[{"name":"wp","href":"https:\/\/api.w.org\/{rel}","templated":true}]}}